{"id":60,"date":"2020-06-25T15:45:45","date_gmt":"2020-06-25T15:45:45","guid":{"rendered":"https:\/\/www.clospissarra.com\/?page_id=60"},"modified":"2020-11-06T17:23:12","modified_gmt":"2020-11-06T17:23:12","slug":"qui-som","status":"publish","type":"page","link":"https:\/\/www.clospissarra.com\/es\/qui-som\/","title":{"rendered":"Qui som"},"content":{"rendered":"<p>[et_pb_section fb_built=\u00bb1&#8243; admin_label=\u00bbHeader\u00bb _builder_version=\u00bb4.4.8&#8243; use_background_color_gradient=\u00bbon\u00bb background_color_gradient_start=\u00bbrgba(0,0,0,0)\u00bb background_color_gradient_end=\u00bb#160b00&#8243; background_color_gradient_start_position=\u00bb20%\u00bb background_color_gradient_overlays_image=\u00bbon\u00bb background_image=\u00bbhttps:\/\/www.clospissarra.com\/wp-content\/uploads\/2020\/10\/IMG_4962.jpg\u00bb z_index=\u00bb1&#8243; custom_padding=\u00bb||35px|||\u00bb locked=\u00bboff\u00bb][et_pb_row _builder_version=\u00bb4.4.8&#8243; z_index=\u00bb1&#8243; width_tablet=\u00bb\u00bb width_phone=\u00bb\u00bb width_last_edited=\u00bbon|phone\u00bb max_width=\u00bb1280px\u00bb custom_padding=\u00bb||22px|||\u00bb][et_pb_column type=\u00bb4_4&#8243; _builder_version=\u00bb3.26.5&#8243; custom_padding=\u00bb80px|5%|80px|5%|true|true\u00bb custom_padding_tablet=\u00bb|40px||40px|true|true\u00bb custom_padding_phone=\u00bb40px|20px|40px|20px|true|true\u00bb custom_padding_last_edited=\u00bbon|phone\u00bb border_width_all=\u00bb2px\u00bb border_color_all=\u00bb#ffcf9a\u00bb][et_pb_text _builder_version=\u00bb3.27.4&#8243; header_font=\u00bbPlayfair Display||||||||\u00bb header_text_color=\u00bb#ffebd6&#8243; header_font_size=\u00bb80px\u00bb header_line_height=\u00bb1.2em\u00bb header_3_font=\u00bb|700||on|||||\u00bb header_3_text_color=\u00bb#ffcf9a\u00bb header_3_font_size=\u00bb14px\u00bb header_3_letter_spacing=\u00bb2px\u00bb header_3_line_height=\u00bb1.2em\u00bb background_layout=\u00bbdark\u00bb max_width=\u00bb550px\u00bb header_font_size_tablet=\u00bb80px\u00bb header_font_size_phone=\u00bb40px\u00bb header_font_size_last_edited=\u00bbon|phone\u00bb]<\/p>\n<h3>CLOS PISSARRA<\/h3>\n<h1>Qui som?<\/h1>\n<p>[\/et_pb_text][\/et_pb_column][\/et_pb_row][\/et_pb_section][et_pb_section fb_built=\u00bb1&#8243; custom_padding_last_edited=\u00bbon|tablet\u00bb admin_label=\u00bbPosts\u00bb _builder_version=\u00bb3.27&#8243; background_color=\u00bb#160b00&#8243; custom_padding=\u00bb52px||||false|false\u00bb custom_padding_tablet=\u00bb0px||||false|false\u00bb custom_padding_phone=\u00bb\u00bb locked=\u00bboff\u00bb][et_pb_row column_structure=\u00bb1_2,1_2&#8243; _builder_version=\u00bb4.4.8&#8243;][et_pb_column type=\u00bb1_2&#8243; _builder_version=\u00bb4.4.8&#8243;][et_pb_team_member name=\u00bbMaruxa Roel\u00bb position=\u00bb En\u00f2loga\u00bb image_url=\u00bbhttps:\/\/www.clospissarra.com\/wp-content\/uploads\/2020\/06\/MARUXA2.jpg\u00bb _builder_version=\u00bb4.4.8&#8243; custom_padding=\u00bb|5px||||\u00bb]<\/p>\n<p style=\"text-align: justify;\">Inquieta, apassionada i patidora, es guia per emocions en tot all\u00f2 que fa. Com a bona <em>meiga<\/em> gallega, gaudeix somiant nous beuratges-copages. Sota la premissa que el vi \u00e9s d&#8217;on neix i no d&#8217;on es fa ni de qui ho fa, ent\u00e9n el seu treball com el de traslladar l&#8217;esperit de cada vinya a la copa. Sense deixar la seva empremta, per\u00f2 deixant-se la pell. El 2006 es va convertir en l&#8217;en\u00f2loga de Clos Pissarra, i des de 2009 tamb\u00e9 gestiona el celler.<\/p>\n<p>[\/et_pb_team_member][\/et_pb_column][et_pb_column type=\u00bb1_2&#8243; _builder_version=\u00bb4.4.8&#8243;][et_pb_team_member name=\u00bbRamon Marco\u00bb position=\u00bbEncarregat de les vinyes\u00bb image_url=\u00bbhttps:\/\/www.clospissarra.com\/wp-content\/uploads\/2020\/06\/RAMON2.jpg\u00bb _builder_version=\u00bb4.4.8&#8243;]<\/p>\n<p style=\"text-align: justify;\">El priorat\u00ed de l&#8217;equip. M\u00e9s de Bellmunt que la llicorella. Les seves vinyes s\u00f3n la seva vida i el m\u00e8rit dels nostres vins \u00e9s la seva dedicaci\u00f3, treball i coneixement del terreny. Des de 2007 s&#8217;encarrega de supervisar totes les vinyes de Clos Pissarra.<\/p>\n<p>[\/et_pb_team_member][\/et_pb_column][\/et_pb_row][et_pb_row column_structure=\u00bb1_2,1_2&#8243; _builder_version=\u00bb4.4.8&#8243;][et_pb_column type=\u00bb1_2&#8243; _builder_version=\u00bb4.4.8&#8243;][et_pb_team_member name=\u00bbEmmanuel Kemiji \u00bb position=\u00bbM.S., Administrador\u00bb image_url=\u00bbhttps:\/\/www.clospissarra.com\/wp-content\/uploads\/2020\/06\/EK.jpg\u00bb _builder_version=\u00bb4.4.8&#8243; custom_padding=\u00bb|5px||||\u00bb]<\/p>\n<p style=\"text-align: justify;\">L&#8217;\u00e0nima de Clos Pissarra. Visionari; aconsegueix tot all\u00f2 que es proposa. D&#8217;idees fixes. Aquesta obstinaci\u00f3, ben enfocada, l&#8217;ha convertit en el millor en el seu camp. El 1989, Emmanuel va esdevenir el dotz\u00e8 nord-americ\u00e0 a aprovar l&#8217;examen de Mestre Sommelier a Londres i en un dels deu primers que fins a la data el va aprovar en el seu primer intent. El mateix any, va rebre el premi \u00abSommelier de l&#8217;Any\u00bb de l&#8217;Associaci\u00f3 d&#8217;Escriptors de Restaurants de Calif\u00f2rnia. Va ser elegit \u00abDirector de Vins de l&#8217;Any\u00bb en els Critics Choice Awards, i va ser distingit en l&#8217;edici\u00f3 d&#8217;agost de 1999 de la revista \u00abSan Francisco\u00bb. El 1995 va ser el primer sommelier dels Estats Units que va fundar un celler: Miura Vineyards. Seguidament el diari San Francisco Chronicle va nomenar a Emmanuel com un dels \u00ab10 en\u00f2legs a seguir per al 2000\u00bb. El 2003 va tornar a Espanya per lluitar i materialitzar el seu somni: Clos Pissarra.<\/p>\n<p>[\/et_pb_team_member][\/et_pb_column][et_pb_column type=\u00bb1_2&#8243; _builder_version=\u00bb4.4.8&#8243;][et_pb_team_member name=\u00bbSilviu Catuneanu\u00bb position=\u00bbAssistent de vinyes i celler\u00bb image_url=\u00bbhttps:\/\/www.clospissarra.com\/wp-content\/uploads\/2020\/10\/IMG_5001.jpg\u00bb _builder_version=\u00bb4.4.8&#8243;]<\/p>\n<p style=\"text-align: justify;\">Polivalent, dedicat i delicat. Viu sense rellotge. Treballa de sol a sol al camp, i a l&#8217;ombra al celler. Silviu es va criar a Prahova, Romania, abans de mudar-se a Priorat. Va comen\u00e7ar a treballar a Clos Pissarra el 2009 i, per la seva dilig\u00e8ncia i entusiasme per aprendre i cr\u00e9ixer, s&#8217;ha convertit en la m\u00e0 dreta del nostre encarregat de vinyes, Ramon Marc, i en l&#8217;esquerra de la nostra en\u00f2loga, Maruxa Roel.<\/p>\n<p>[\/et_pb_team_member][\/et_pb_column][\/et_pb_row][\/et_pb_section][et_pb_section fb_built=\u00bb1&#8243; admin_label=\u00bbFooter\u00bb _builder_version=\u00bb3.26.7&#8243; background_color=\u00bb#160b00&#8243; global_module=\u00bb399&#8243; saved_tabs=\u00bball\u00bb locked=\u00bboff\u00bb][et_pb_row _builder_version=\u00bb3.26.7&#8243;][et_pb_column type=\u00bb4_4&#8243; _builder_version=\u00bb3.26.7&#8243;][et_pb_text _builder_version=\u00bb3.27.4&#8243; text_font=\u00bbMontserrat|700|||||||\u00bb text_text_color=\u00bb#ffcf9a\u00bb text_font_size=\u00bb24px\u00bb text_line_height=\u00bb1.5em\u00bb header_3_font=\u00bb|700||on|||||\u00bb header_3_text_color=\u00bbrgba(255,207,154,0.4)\u00bb header_3_font_size=\u00bb14px\u00bb header_3_letter_spacing=\u00bb2px\u00bb header_3_line_height=\u00bb1.2em\u00bb text_orientation=\u00bbcenter\u00bb background_layout=\u00bbdark\u00bb max_width=\u00bb550px\u00bb module_alignment=\u00bbcenter\u00bb custom_margin_tablet=\u00bb||40px||false|false\u00bb custom_margin_phone=\u00bb||30px||false|false\u00bb custom_margin_last_edited=\u00bboff|phone\u00bb custom_padding=\u00bb||18px||false|false\u00bb text_font_size_tablet=\u00bb24px\u00bb text_font_size_phone=\u00bb14px\u00bb text_font_size_last_edited=\u00bbon|phone\u00bb border_width_bottom=\u00bb1px\u00bb text_text_align=\u00bbcenter\u00bb locked=\u00bboff\u00bb]<\/p>\n<h3>VisitAN&#8217;S<\/h3>\n<p><span>Pol\u00edgon Partida Esparver 14 (FALSET)<\/span><\/p>\n<p>[\/et_pb_text][et_pb_text _builder_version=\u00bb3.27.4&#8243; text_font=\u00bbMontserrat|700|||||||\u00bb text_text_color=\u00bb#ffcf9a\u00bb text_font_size=\u00bb24px\u00bb text_line_height=\u00bb1.5em\u00bb link_font=\u00bb||||on|||rgba(255,207,154,0.35)|\u00bb link_text_color=\u00bb#ffcf9a\u00bb header_3_font=\u00bb|700||on|||||\u00bb header_3_text_color=\u00bbrgba(255,207,154,0.4)\u00bb header_3_font_size=\u00bb14px\u00bb header_3_letter_spacing=\u00bb2px\u00bb header_3_line_height=\u00bb1.2em\u00bb text_orientation=\u00bbcenter\u00bb background_layout=\u00bbdark\u00bb max_width=\u00bb550px\u00bb module_alignment=\u00bbcenter\u00bb custom_margin_tablet=\u00bb||40px||false|false\u00bb custom_margin_phone=\u00bb||30px||false|false\u00bb custom_margin_last_edited=\u00bboff|phone\u00bb custom_padding=\u00bb||18px||false|false\u00bb text_font_size_tablet=\u00bb24px\u00bb text_font_size_phone=\u00bb14px\u00bb text_font_size_last_edited=\u00bbon|phone\u00bb border_width_bottom=\u00bb1px\u00bb text_text_align=\u00bbcenter\u00bb locked=\u00bboff\u00bb]<\/p>\n<h3>ContactA<\/h3>\n<p><span>(+34) 626 656 730<\/span><br \/><a href=\"mailto:info@divicocktailbar.com\">info@clospissarra.com<\/a><\/p>\n<p>[\/et_pb_text][\/et_pb_column][\/et_pb_row][et_pb_row column_structure=\u00bb2_5,3_5&#8243; _builder_version=\u00bb3.26.7&#8243; custom_margin=\u00bb60px||60px||true|false\u00bb][et_pb_column type=\u00bb2_5&#8243; _builder_version=\u00bb3.26.7&#8243;][et_pb_image src=\u00bbhttps:\/\/www.clospissarra.com\/wp-content\/uploads\/2020\/06\/logo2.png\u00bb title_text=\u00bblogo2&#8243; _builder_version=\u00bb4.4.8&#8243; custom_margin_tablet=\u00bb0px||0px|0px|false|false\u00bb custom_margin_last_edited=\u00bboff|phone\u00bb][\/et_pb_image][et_pb_text _builder_version=\u00bb3.27.4&#8243; text_text_color=\u00bbrgba(255,207,154,0.7)\u00bb text_font_size=\u00bb16px\u00bb text_line_height=\u00bb1.8em\u00bb background_layout=\u00bbdark\u00bb max_width=\u00bb550px\u00bb locked=\u00bboff\u00bb]<\/p>\n<p><span>Si tens dubtes nom\u00e9s t\u2019has de posar en contacte amb nosaltres.<\/span><\/p>\n<p>[\/et_pb_text][\/et_pb_column][et_pb_column type=\u00bb3_5&#8243; _builder_version=\u00bb3.26.5&#8243; transform_scale_tablet=\u00bb\u00bb transform_scale_phone=\u00bb\u00bb transform_scale_last_edited=\u00bbon|desktop\u00bb transform_translate_tablet=\u00bb30px|0px\u00bb transform_translate_phone=\u00bb20px|0px\u00bb transform_translate_last_edited=\u00bbon|phone\u00bb transform_translate_linked_tablet=\u00bboff\u00bb transform_rotate_tablet=\u00bb\u00bb transform_rotate_phone=\u00bb\u00bb transform_rotate_last_edited=\u00bbon|desktop\u00bb transform_skew_tablet=\u00bb\u00bb transform_skew_phone=\u00bb\u00bb transform_skew_last_edited=\u00bbon|desktop\u00bb transform_origin_tablet=\u00bb\u00bb transform_origin_phone=\u00bb\u00bb transform_origin_last_edited=\u00bbon|desktop\u00bb transform_styles_last_edited=\u00bbon|phone\u00bb transform_styles_tablet=\u00bb\u00bb transform_styles_phone=\u00bb\u00bb border_width_all=\u00bb2px\u00bb border_color_all=\u00bb#ffcf9a\u00bb][et_pb_contact_form captcha=\u00bboff\u00bb submit_button_text=\u00bbEnvia\u00bb _builder_version=\u00bb4.4.8&#8243; form_field_background_color=\u00bbrgba(0,0,0,0)\u00bb form_field_text_color=\u00bb#160b00&#8243; title_level=\u00bbh4&#8243; title_font=\u00bbPlayfair Display|700|||||||\u00bb title_font_size=\u00bb32px\u00bb form_field_font=\u00bb|600|||||||\u00bb background_color=\u00bb#ffcf9a\u00bb background_image=\u00bbhttps:\/\/www.clospissarra.com\/wp-content\/uploads\/2020\/06\/bar-01.png\u00bb background_size=\u00bbinitial\u00bb background_repeat=\u00bbrepeat\u00bb custom_button=\u00bbon\u00bb button_text_size=\u00bb14px\u00bb button_text_color=\u00bb#000000&#8243; button_border_color=\u00bb#000000&#8243; button_border_radius=\u00bb0px\u00bb button_letter_spacing=\u00bb2px\u00bb button_font=\u00bbMontserrat|700||on|||||\u00bb button_custom_margin=\u00bb30px||||false|false\u00bb button_custom_padding=\u00bb15px|25px|15px|25px|true|true\u00bb transform_scale_tablet=\u00bb\u00bb transform_scale_phone=\u00bb\u00bb transform_scale_last_edited=\u00bbon|desktop\u00bb transform_translate=\u00bb39px|39px\u00bb transform_translate_tablet=\u00bb-30px|-30px\u00bb transform_translate_phone=\u00bb-20px|-20px\u00bb transform_translate_last_edited=\u00bbon|phone\u00bb transform_rotate_tablet=\u00bb\u00bb transform_rotate_phone=\u00bb\u00bb transform_rotate_last_edited=\u00bbon|desktop\u00bb transform_skew_tablet=\u00bb\u00bb transform_skew_phone=\u00bb\u00bb transform_skew_last_edited=\u00bbon|desktop\u00bb transform_origin_tablet=\u00bb\u00bb transform_origin_phone=\u00bb\u00bb transform_origin_last_edited=\u00bbon|desktop\u00bb transform_styles_last_edited=\u00bbon|phone\u00bb custom_padding=\u00bb60px|60px|60px|60px|true|true\u00bb custom_padding_tablet=\u00bb50px|50px|50px|50px|true|true\u00bb custom_padding_phone=\u00bb30px|30px|30px|30px|true|true\u00bb custom_padding_last_edited=\u00bbon|tablet\u00bb title_font_size_tablet=\u00bb24px\u00bb title_font_size_phone=\u00bb20px\u00bb title_font_size_last_edited=\u00bbon|phone\u00bb button_text_color_last_edited=\u00bboff|desktop\u00bb transform_styles_tablet=\u00bb\u00bb transform_styles_phone=\u00bb\u00bb border_width_all=\u00bb2px\u00bb border_color_all=\u00bb#160b00&#8243; button_text_color__hover=\u00bb#ffcf9a\u00bb button_text_color__hover_enabled=\u00bbon\u00bb button_bg_color__hover=\u00bb#160b00&#8243; button_bg_color__hover_enabled=\u00bbon\u00bb button_bg_enable_color__hover=\u00bbon\u00bb][et_pb_contact_field field_id=\u00bbName\u00bb field_title=\u00bbNom\u00bb _builder_version=\u00bb4.4.8&#8243; button_text_size__hover_enabled=\u00bboff\u00bb button_one_text_size__hover_enabled=\u00bboff\u00bb button_two_text_size__hover_enabled=\u00bboff\u00bb button_text_color__hover_enabled=\u00bboff\u00bb button_one_text_color__hover_enabled=\u00bboff\u00bb button_two_text_color__hover_enabled=\u00bboff\u00bb button_border_width__hover_enabled=\u00bboff\u00bb button_one_border_width__hover_enabled=\u00bboff\u00bb button_two_border_width__hover_enabled=\u00bboff\u00bb button_border_color__hover_enabled=\u00bboff\u00bb button_one_border_color__hover_enabled=\u00bboff\u00bb button_two_border_color__hover_enabled=\u00bboff\u00bb button_border_radius__hover_enabled=\u00bboff\u00bb button_one_border_radius__hover_enabled=\u00bboff\u00bb button_two_border_radius__hover_enabled=\u00bboff\u00bb button_letter_spacing__hover_enabled=\u00bboff\u00bb button_one_letter_spacing__hover_enabled=\u00bboff\u00bb button_two_letter_spacing__hover_enabled=\u00bboff\u00bb button_bg_color__hover_enabled=\u00bboff\u00bb button_one_bg_color__hover_enabled=\u00bboff\u00bb button_two_bg_color__hover_enabled=\u00bboff\u00bb][\/et_pb_contact_field][et_pb_contact_field field_id=\u00bbEmail\u00bb field_title=\u00bbEmail\u00bb field_type=\u00bbemail\u00bb _builder_version=\u00bb4.4.8&#8243; button_text_size__hover_enabled=\u00bboff\u00bb button_one_text_size__hover_enabled=\u00bboff\u00bb button_two_text_size__hover_enabled=\u00bboff\u00bb button_text_color__hover_enabled=\u00bboff\u00bb button_one_text_color__hover_enabled=\u00bboff\u00bb button_two_text_color__hover_enabled=\u00bboff\u00bb button_border_width__hover_enabled=\u00bboff\u00bb button_one_border_width__hover_enabled=\u00bboff\u00bb button_two_border_width__hover_enabled=\u00bboff\u00bb button_border_color__hover_enabled=\u00bboff\u00bb button_one_border_color__hover_enabled=\u00bboff\u00bb button_two_border_color__hover_enabled=\u00bboff\u00bb button_border_radius__hover_enabled=\u00bboff\u00bb button_one_border_radius__hover_enabled=\u00bboff\u00bb button_two_border_radius__hover_enabled=\u00bboff\u00bb button_letter_spacing__hover_enabled=\u00bboff\u00bb button_one_letter_spacing__hover_enabled=\u00bboff\u00bb button_two_letter_spacing__hover_enabled=\u00bboff\u00bb button_bg_color__hover_enabled=\u00bboff\u00bb button_one_bg_color__hover_enabled=\u00bboff\u00bb button_two_bg_color__hover_enabled=\u00bboff\u00bb][\/et_pb_contact_field][et_pb_contact_field field_id=\u00bbMessage\u00bb field_title=\u00bbMissatge\u00bb field_type=\u00bbtext\u00bb fullwidth_field=\u00bbon\u00bb _builder_version=\u00bb4.4.8&#8243; button_text_size__hover_enabled=\u00bboff\u00bb button_one_text_size__hover_enabled=\u00bboff\u00bb button_two_text_size__hover_enabled=\u00bboff\u00bb button_text_color__hover_enabled=\u00bboff\u00bb button_one_text_color__hover_enabled=\u00bboff\u00bb button_two_text_color__hover_enabled=\u00bboff\u00bb button_border_width__hover_enabled=\u00bboff\u00bb button_one_border_width__hover_enabled=\u00bboff\u00bb button_two_border_width__hover_enabled=\u00bboff\u00bb button_border_color__hover_enabled=\u00bboff\u00bb button_one_border_color__hover_enabled=\u00bboff\u00bb button_two_border_color__hover_enabled=\u00bboff\u00bb button_border_radius__hover_enabled=\u00bboff\u00bb button_one_border_radius__hover_enabled=\u00bboff\u00bb button_two_border_radius__hover_enabled=\u00bboff\u00bb button_letter_spacing__hover_enabled=\u00bboff\u00bb button_one_letter_spacing__hover_enabled=\u00bboff\u00bb button_two_letter_spacing__hover_enabled=\u00bboff\u00bb button_bg_color__hover_enabled=\u00bboff\u00bb button_one_bg_color__hover_enabled=\u00bboff\u00bb button_two_bg_color__hover_enabled=\u00bboff\u00bb][\/et_pb_contact_field][\/et_pb_contact_form][\/et_pb_column][\/et_pb_row][\/et_pb_section]<\/p>\n","protected":false},"excerpt":{"rendered":"<p>CLOS PISSARRA Qui som?Inquieta, apassionada i patidora, es guia per emocions en tot all\u00f2 que fa. Com a bona meiga gallega, gaudeix somiant nous beuratges-copages. Sota la premissa que el vi \u00e9s d&#8217;on neix i no d&#8217;on es fa ni de qui ho fa, ent\u00e9n el seu treball com el de traslladar l&#8217;esperit de cada [&hellip;]<\/p>\n","protected":false},"author":1,"featured_media":0,"parent":0,"menu_order":0,"comment_status":"closed","ping_status":"closed","template":"","meta":{"_et_pb_use_builder":"on","_et_pb_old_content":"","_et_gb_content_width":"","footnotes":""},"class_list":["post-60","page","type-page","status-publish","hentry"],"yoast_head":"<!-- This site is optimized with the Yoast SEO plugin v25.6 - https:\/\/yoast.com\/wordpress\/plugins\/seo\/ -->\n<title>Qui som - Clos Pissarra<\/title>\n<meta name=\"robots\" content=\"noindex, follow, max-snippet:-1, max-image-preview:large, max-video-preview:-1\" \/>\n<meta property=\"og:locale\" content=\"es_ES\" \/>\n<meta property=\"og:type\" content=\"article\" \/>\n<meta property=\"og:title\" content=\"Qui som - Clos Pissarra\" \/>\n<meta property=\"og:description\" content=\"CLOS PISSARRA Qui som?Inquieta, apassionada i patidora, es guia per emocions en tot all\u00f2 que fa. Com a bona meiga gallega, gaudeix somiant nous beuratges-copages. Sota la premissa que el vi \u00e9s d&#039;on neix i no d&#039;on es fa ni de qui ho fa, ent\u00e9n el seu treball com el de traslladar l&#039;esperit de cada [&hellip;]\" \/>\n<meta property=\"og:url\" content=\"https:\/\/www.clospissarra.com\/es\/qui-som\/\" \/>\n<meta property=\"og:site_name\" content=\"Clos Pissarra\" \/>\n<meta property=\"article:modified_time\" content=\"2020-11-06T17:23:12+00:00\" \/>\n<meta name=\"twitter:card\" content=\"summary_large_image\" \/>\n<meta name=\"twitter:label1\" content=\"Tiempo de lectura\" \/>\n\t<meta name=\"twitter:data1\" content=\"10 minutos\" \/>\n<script type=\"application\/ld+json\" class=\"yoast-schema-graph\">{\"@context\":\"https:\/\/schema.org\",\"@graph\":[{\"@type\":\"WebPage\",\"@id\":\"https:\/\/www.clospissarra.com\/es\/qui-som\/\",\"url\":\"https:\/\/www.clospissarra.com\/es\/qui-som\/\",\"name\":\"Qui som - Clos Pissarra\",\"isPartOf\":{\"@id\":\"https:\/\/www.clospissarra.com\/es\/#website\"},\"datePublished\":\"2020-06-25T15:45:45+00:00\",\"dateModified\":\"2020-11-06T17:23:12+00:00\",\"breadcrumb\":{\"@id\":\"https:\/\/www.clospissarra.com\/es\/qui-som\/#breadcrumb\"},\"inLanguage\":\"es\",\"potentialAction\":[{\"@type\":\"ReadAction\",\"target\":[\"https:\/\/www.clospissarra.com\/es\/qui-som\/\"]}]},{\"@type\":\"BreadcrumbList\",\"@id\":\"https:\/\/www.clospissarra.com\/es\/qui-som\/#breadcrumb\",\"itemListElement\":[{\"@type\":\"ListItem\",\"position\":1,\"name\":\"Home\",\"item\":\"https:\/\/www.clospissarra.com\/es\/\"},{\"@type\":\"ListItem\",\"position\":2,\"name\":\"Qui som\"}]},{\"@type\":\"WebSite\",\"@id\":\"https:\/\/www.clospissarra.com\/es\/#website\",\"url\":\"https:\/\/www.clospissarra.com\/es\/\",\"name\":\"Clos Pissarra\",\"description\":\"\",\"potentialAction\":[{\"@type\":\"SearchAction\",\"target\":{\"@type\":\"EntryPoint\",\"urlTemplate\":\"https:\/\/www.clospissarra.com\/es\/?s={search_term_string}\"},\"query-input\":{\"@type\":\"PropertyValueSpecification\",\"valueRequired\":true,\"valueName\":\"search_term_string\"}}],\"inLanguage\":\"es\"}]}<\/script>\n<!-- \/ Yoast SEO plugin. -->","yoast_head_json":{"title":"Qui som - Clos Pissarra","robots":{"index":"noindex","follow":"follow","max-snippet":"max-snippet:-1","max-image-preview":"max-image-preview:large","max-video-preview":"max-video-preview:-1"},"og_locale":"es_ES","og_type":"article","og_title":"Qui som - Clos Pissarra","og_description":"CLOS PISSARRA Qui som?Inquieta, apassionada i patidora, es guia per emocions en tot all\u00f2 que fa. Com a bona meiga gallega, gaudeix somiant nous beuratges-copages. Sota la premissa que el vi \u00e9s d'on neix i no d'on es fa ni de qui ho fa, ent\u00e9n el seu treball com el de traslladar l'esperit de cada [&hellip;]","og_url":"https:\/\/www.clospissarra.com\/es\/qui-som\/","og_site_name":"Clos Pissarra","article_modified_time":"2020-11-06T17:23:12+00:00","twitter_card":"summary_large_image","twitter_misc":{"Tiempo de lectura":"10 minutos"},"schema":{"@context":"https:\/\/schema.org","@graph":[{"@type":"WebPage","@id":"https:\/\/www.clospissarra.com\/es\/qui-som\/","url":"https:\/\/www.clospissarra.com\/es\/qui-som\/","name":"Qui som - Clos Pissarra","isPartOf":{"@id":"https:\/\/www.clospissarra.com\/es\/#website"},"datePublished":"2020-06-25T15:45:45+00:00","dateModified":"2020-11-06T17:23:12+00:00","breadcrumb":{"@id":"https:\/\/www.clospissarra.com\/es\/qui-som\/#breadcrumb"},"inLanguage":"es","potentialAction":[{"@type":"ReadAction","target":["https:\/\/www.clospissarra.com\/es\/qui-som\/"]}]},{"@type":"BreadcrumbList","@id":"https:\/\/www.clospissarra.com\/es\/qui-som\/#breadcrumb","itemListElement":[{"@type":"ListItem","position":1,"name":"Home","item":"https:\/\/www.clospissarra.com\/es\/"},{"@type":"ListItem","position":2,"name":"Qui som"}]},{"@type":"WebSite","@id":"https:\/\/www.clospissarra.com\/es\/#website","url":"https:\/\/www.clospissarra.com\/es\/","name":"Clos Pissarra","description":"","potentialAction":[{"@type":"SearchAction","target":{"@type":"EntryPoint","urlTemplate":"https:\/\/www.clospissarra.com\/es\/?s={search_term_string}"},"query-input":{"@type":"PropertyValueSpecification","valueRequired":true,"valueName":"search_term_string"}}],"inLanguage":"es"}]}},"_links":{"self":[{"href":"https:\/\/www.clospissarra.com\/es\/wp-json\/wp\/v2\/pages\/60","targetHints":{"allow":["GET"]}}],"collection":[{"href":"https:\/\/www.clospissarra.com\/es\/wp-json\/wp\/v2\/pages"}],"about":[{"href":"https:\/\/www.clospissarra.com\/es\/wp-json\/wp\/v2\/types\/page"}],"author":[{"embeddable":true,"href":"https:\/\/www.clospissarra.com\/es\/wp-json\/wp\/v2\/users\/1"}],"replies":[{"embeddable":true,"href":"https:\/\/www.clospissarra.com\/es\/wp-json\/wp\/v2\/comments?post=60"}],"version-history":[{"count":13,"href":"https:\/\/www.clospissarra.com\/es\/wp-json\/wp\/v2\/pages\/60\/revisions"}],"predecessor-version":[{"id":497,"href":"https:\/\/www.clospissarra.com\/es\/wp-json\/wp\/v2\/pages\/60\/revisions\/497"}],"wp:attachment":[{"href":"https:\/\/www.clospissarra.com\/es\/wp-json\/wp\/v2\/media?parent=60"}],"curies":[{"name":"wp","href":"https:\/\/api.w.org\/{rel}","templated":true}]}}