{"id":82,"date":"2020-06-25T15:50:02","date_gmt":"2020-06-25T15:50:02","guid":{"rendered":"https:\/\/www.clospissarra.com\/?page_id=82"},"modified":"2020-11-06T12:06:17","modified_gmt":"2020-11-06T12:06:17","slug":"premsa","status":"publish","type":"page","link":"https:\/\/www.clospissarra.com\/en\/premsa\/","title":{"rendered":"Premsa"},"content":{"rendered":"<p>[et_pb_section fb_built=&#8221;1&#8243; admin_label=&#8221;Header&#8221; _builder_version=&#8221;4.4.8&#8243; use_background_color_gradient=&#8221;on&#8221; background_color_gradient_start=&#8221;rgba(0,0,0,0)&#8221; background_color_gradient_end=&#8221;#160b00&#8243; background_color_gradient_start_position=&#8221;20%&#8221; background_color_gradient_overlays_image=&#8221;on&#8221; background_image=&#8221;https:\/\/www.clospissarra.com\/wp-content\/uploads\/2020\/10\/IMG_5048.jpg&#8221; z_index=&#8221;1&#8243; custom_padding=&#8221;||25px|||&#8221; locked=&#8221;off&#8221;][et_pb_row _builder_version=&#8221;4.4.8&#8243; z_index=&#8221;1&#8243; width_tablet=&#8221;&#8221; width_phone=&#8221;&#8221; width_last_edited=&#8221;on|phone&#8221; max_width=&#8221;1280px&#8221; min_height=&#8221;231px&#8221; custom_padding=&#8221;0px||0px|||&#8221;][et_pb_column type=&#8221;4_4&#8243; _builder_version=&#8221;3.26.5&#8243; custom_padding=&#8221;80px|5%|80px|5%|true|true&#8221; custom_padding_tablet=&#8221;|40px||40px|true|true&#8221; custom_padding_phone=&#8221;40px|20px|40px|20px|true|true&#8221; custom_padding_last_edited=&#8221;on|phone&#8221; border_width_all=&#8221;2px&#8221; border_color_all=&#8221;#ffcf9a&#8221;][et_pb_text _builder_version=&#8221;3.27.4&#8243; header_font=&#8221;Playfair Display||||||||&#8221; header_text_color=&#8221;#ffebd6&#8243; header_font_size=&#8221;80px&#8221; header_line_height=&#8221;1.2em&#8221; header_3_font=&#8221;|700||on|||||&#8221; header_3_text_color=&#8221;#ffcf9a&#8221; header_3_font_size=&#8221;14px&#8221; header_3_letter_spacing=&#8221;2px&#8221; header_3_line_height=&#8221;1.2em&#8221; background_layout=&#8221;dark&#8221; max_width=&#8221;550px&#8221; header_font_size_tablet=&#8221;80px&#8221; header_font_size_phone=&#8221;40px&#8221; header_font_size_last_edited=&#8221;on|phone&#8221;]<\/p>\n<h3>blog<\/h3>\n<h1>Not\u00edcies<\/h1>\n<p>[\/et_pb_text][\/et_pb_column][\/et_pb_row][\/et_pb_section][et_pb_section fb_built=&#8221;1&#8243; custom_padding_last_edited=&#8221;on|tablet&#8221; admin_label=&#8221;Posts&#8221; _builder_version=&#8221;3.27&#8243; background_color=&#8221;#160b00&#8243; custom_padding=&#8221;64px||||false|false&#8221; custom_padding_tablet=&#8221;0px||||false|false&#8221; custom_padding_phone=&#8221;&#8221; locked=&#8221;off&#8221;][et_pb_row use_custom_gutter=&#8221;on&#8221; gutter_width=&#8221;2&#8243; _builder_version=&#8221;3.27&#8243;][et_pb_column type=&#8221;4_4&#8243; _builder_version=&#8221;3.26.5&#8243;][et_pb_blog fullwidth=&#8221;off&#8221; posts_number=&#8221;9&#8243; include_categories=&#8221;73&#8243; show_author=&#8221;off&#8221; show_categories=&#8221;off&#8221; masonry_tile_background_color=&#8221;rgba(0,0,0,0)&#8221; _builder_version=&#8221;3.27&#8243; header_level=&#8221;h3&#8243; header_font=&#8221;|700||on|||||&#8221; header_text_color=&#8221;#ffebd6&#8243; header_font_size=&#8221;14px&#8221; header_letter_spacing=&#8221;2px&#8221; header_line_height=&#8221;1.4em&#8221; body_text_color=&#8221;rgba(255,207,154,0.7)&#8221; meta_font=&#8221;Montserrat|500|||||||&#8221; meta_text_color=&#8221;#ffcf9a&#8221; meta_font_size=&#8221;12px&#8221; pagination_font=&#8221;Montserrat|700||on|||||&#8221; pagination_text_color=&#8221;#ffebd6&#8243; pagination_letter_spacing=&#8221;2px&#8221; pagination_line_height=&#8221;1.6em&#8221; border_width_all=&#8221;0px&#8221;][\/et_pb_blog][\/et_pb_column][\/et_pb_row][\/et_pb_section][et_pb_section fb_built=&#8221;1&#8243; admin_label=&#8221;Footer&#8221; _builder_version=&#8221;3.26.7&#8243; background_color=&#8221;#160b00&#8243; saved_tabs=&#8221;all&#8221; locked=&#8221;off&#8221; global_module=&#8221;399&#8243;][et_pb_row _builder_version=&#8221;3.26.7&#8243;][et_pb_column type=&#8221;4_4&#8243; _builder_version=&#8221;3.26.7&#8243;][et_pb_text _builder_version=&#8221;3.27.4&#8243; text_font=&#8221;Montserrat|700|||||||&#8221; text_text_color=&#8221;#ffcf9a&#8221; text_font_size=&#8221;24px&#8221; text_line_height=&#8221;1.5em&#8221; header_3_font=&#8221;|700||on|||||&#8221; header_3_text_color=&#8221;rgba(255,207,154,0.4)&#8221; header_3_font_size=&#8221;14px&#8221; header_3_letter_spacing=&#8221;2px&#8221; header_3_line_height=&#8221;1.2em&#8221; text_orientation=&#8221;center&#8221; background_layout=&#8221;dark&#8221; max_width=&#8221;550px&#8221; module_alignment=&#8221;center&#8221; custom_margin_tablet=&#8221;||40px||false|false&#8221; custom_margin_phone=&#8221;||30px||false|false&#8221; custom_margin_last_edited=&#8221;off|phone&#8221; custom_padding=&#8221;||18px||false|false&#8221; text_font_size_tablet=&#8221;24px&#8221; text_font_size_phone=&#8221;14px&#8221; text_font_size_last_edited=&#8221;on|phone&#8221; border_width_bottom=&#8221;1px&#8221; text_text_align=&#8221;center&#8221; locked=&#8221;off&#8221;]<\/p>\n<h3>VisitAN&#8217;S<\/h3>\n<p><span>Pol\u00edgon Partida Esparver 14 (FALSET)<\/span><\/p>\n<p>[\/et_pb_text][et_pb_text _builder_version=&#8221;3.27.4&#8243; text_font=&#8221;Montserrat|700|||||||&#8221; text_text_color=&#8221;#ffcf9a&#8221; text_font_size=&#8221;24px&#8221; text_line_height=&#8221;1.5em&#8221; link_font=&#8221;||||on|||rgba(255,207,154,0.35)|&#8221; link_text_color=&#8221;#ffcf9a&#8221; header_3_font=&#8221;|700||on|||||&#8221; header_3_text_color=&#8221;rgba(255,207,154,0.4)&#8221; header_3_font_size=&#8221;14px&#8221; header_3_letter_spacing=&#8221;2px&#8221; header_3_line_height=&#8221;1.2em&#8221; text_orientation=&#8221;center&#8221; background_layout=&#8221;dark&#8221; max_width=&#8221;550px&#8221; module_alignment=&#8221;center&#8221; custom_margin_tablet=&#8221;||40px||false|false&#8221; custom_margin_phone=&#8221;||30px||false|false&#8221; custom_margin_last_edited=&#8221;off|phone&#8221; custom_padding=&#8221;||18px||false|false&#8221; text_font_size_tablet=&#8221;24px&#8221; text_font_size_phone=&#8221;14px&#8221; text_font_size_last_edited=&#8221;on|phone&#8221; border_width_bottom=&#8221;1px&#8221; text_text_align=&#8221;center&#8221; locked=&#8221;off&#8221;]<\/p>\n<h3>ContactA<\/h3>\n<p><span>(+34) 626 656 730<\/span><br \/><a href=\"mailto:info@divicocktailbar.com\">info@clospissarra.com<\/a><\/p>\n<p>[\/et_pb_text][\/et_pb_column][\/et_pb_row][et_pb_row column_structure=&#8221;2_5,3_5&#8243; _builder_version=&#8221;3.26.7&#8243; custom_margin=&#8221;60px||60px||true|false&#8221;][et_pb_column type=&#8221;2_5&#8243; _builder_version=&#8221;3.26.7&#8243;][et_pb_image src=&#8221;https:\/\/www.clospissarra.com\/wp-content\/uploads\/2020\/06\/logo2.png&#8221; title_text=&#8221;logo2&#8243; _builder_version=&#8221;4.4.8&#8243; custom_margin_tablet=&#8221;0px||0px|0px|false|false&#8221; custom_margin_last_edited=&#8221;off|phone&#8221;][\/et_pb_image][et_pb_text _builder_version=&#8221;3.27.4&#8243; text_text_color=&#8221;rgba(255,207,154,0.7)&#8221; text_font_size=&#8221;16px&#8221; text_line_height=&#8221;1.8em&#8221; background_layout=&#8221;dark&#8221; max_width=&#8221;550px&#8221; locked=&#8221;off&#8221;]<\/p>\n<p><span>Si tens alg\u00fan dubte nom\u00e9s t\u2019has de posar en contacte amb nosaltres. Et resoldrem qualsevol tipus de dubte referent al nostre proc\u00e9s de creaci\u00f3 dels nostres vins.<\/span><\/p>\n<p>[\/et_pb_text][\/et_pb_column][et_pb_column type=&#8221;3_5&#8243; _builder_version=&#8221;3.26.5&#8243; transform_scale_tablet=&#8221;&#8221; transform_scale_phone=&#8221;&#8221; transform_scale_last_edited=&#8221;on|desktop&#8221; transform_translate_tablet=&#8221;30px|0px&#8221; transform_translate_phone=&#8221;20px|0px&#8221; transform_translate_last_edited=&#8221;on|phone&#8221; transform_translate_linked_tablet=&#8221;off&#8221; transform_rotate_tablet=&#8221;&#8221; transform_rotate_phone=&#8221;&#8221; transform_rotate_last_edited=&#8221;on|desktop&#8221; transform_skew_tablet=&#8221;&#8221; transform_skew_phone=&#8221;&#8221; transform_skew_last_edited=&#8221;on|desktop&#8221; transform_origin_tablet=&#8221;&#8221; transform_origin_phone=&#8221;&#8221; transform_origin_last_edited=&#8221;on|desktop&#8221; transform_styles_last_edited=&#8221;on|phone&#8221; transform_styles_tablet=&#8221;&#8221; transform_styles_phone=&#8221;&#8221; border_width_all=&#8221;2px&#8221; border_color_all=&#8221;#ffcf9a&#8221;][et_pb_contact_form captcha=&#8221;off&#8221; submit_button_text=&#8221;Envia&#8221; _builder_version=&#8221;4.4.8&#8243; form_field_background_color=&#8221;rgba(0,0,0,0)&#8221; form_field_text_color=&#8221;#160b00&#8243; title_level=&#8221;h4&#8243; title_font=&#8221;Playfair Display|700|||||||&#8221; title_font_size=&#8221;32px&#8221; form_field_font=&#8221;|600|||||||&#8221; background_color=&#8221;#ffcf9a&#8221; background_image=&#8221;https:\/\/www.clospissarra.com\/wp-content\/uploads\/2020\/06\/bar-01.png&#8221; background_size=&#8221;initial&#8221; background_repeat=&#8221;repeat&#8221; custom_button=&#8221;on&#8221; button_text_size=&#8221;14px&#8221; button_text_color=&#8221;#000000&#8243; button_border_color=&#8221;#000000&#8243; button_border_radius=&#8221;0px&#8221; button_letter_spacing=&#8221;2px&#8221; button_font=&#8221;Montserrat|700||on|||||&#8221; button_custom_margin=&#8221;30px||||false|false&#8221; button_custom_padding=&#8221;15px|25px|15px|25px|true|true&#8221; transform_scale_tablet=&#8221;&#8221; transform_scale_phone=&#8221;&#8221; transform_scale_last_edited=&#8221;on|desktop&#8221; transform_translate=&#8221;39px|39px&#8221; transform_translate_tablet=&#8221;-30px|-30px&#8221; transform_translate_phone=&#8221;-20px|-20px&#8221; transform_translate_last_edited=&#8221;on|phone&#8221; transform_rotate_tablet=&#8221;&#8221; transform_rotate_phone=&#8221;&#8221; transform_rotate_last_edited=&#8221;on|desktop&#8221; transform_skew_tablet=&#8221;&#8221; transform_skew_phone=&#8221;&#8221; transform_skew_last_edited=&#8221;on|desktop&#8221; transform_origin_tablet=&#8221;&#8221; transform_origin_phone=&#8221;&#8221; transform_origin_last_edited=&#8221;on|desktop&#8221; transform_styles_last_edited=&#8221;on|phone&#8221; custom_padding=&#8221;60px|60px|60px|60px|true|true&#8221; custom_padding_tablet=&#8221;50px|50px|50px|50px|true|true&#8221; custom_padding_phone=&#8221;30px|30px|30px|30px|true|true&#8221; custom_padding_last_edited=&#8221;on|tablet&#8221; title_font_size_tablet=&#8221;24px&#8221; title_font_size_phone=&#8221;20px&#8221; title_font_size_last_edited=&#8221;on|phone&#8221; button_text_color_last_edited=&#8221;off|desktop&#8221; transform_styles_tablet=&#8221;&#8221; transform_styles_phone=&#8221;&#8221; border_width_all=&#8221;2px&#8221; border_color_all=&#8221;#160b00&#8243; button_text_color__hover=&#8221;#ffcf9a&#8221; button_text_color__hover_enabled=&#8221;on&#8221; button_bg_color__hover=&#8221;#160b00&#8243; button_bg_color__hover_enabled=&#8221;on&#8221; button_bg_enable_color__hover=&#8221;on&#8221;][et_pb_contact_field field_id=&#8221;Name&#8221; field_title=&#8221;Nom&#8221; _builder_version=&#8221;4.4.8&#8243; button_text_size__hover_enabled=&#8221;off&#8221; button_one_text_size__hover_enabled=&#8221;off&#8221; button_two_text_size__hover_enabled=&#8221;off&#8221; button_text_color__hover_enabled=&#8221;off&#8221; button_one_text_color__hover_enabled=&#8221;off&#8221; button_two_text_color__hover_enabled=&#8221;off&#8221; button_border_width__hover_enabled=&#8221;off&#8221; button_one_border_width__hover_enabled=&#8221;off&#8221; button_two_border_width__hover_enabled=&#8221;off&#8221; button_border_color__hover_enabled=&#8221;off&#8221; button_one_border_color__hover_enabled=&#8221;off&#8221; button_two_border_color__hover_enabled=&#8221;off&#8221; button_border_radius__hover_enabled=&#8221;off&#8221; button_one_border_radius__hover_enabled=&#8221;off&#8221; button_two_border_radius__hover_enabled=&#8221;off&#8221; button_letter_spacing__hover_enabled=&#8221;off&#8221; button_one_letter_spacing__hover_enabled=&#8221;off&#8221; button_two_letter_spacing__hover_enabled=&#8221;off&#8221; button_bg_color__hover_enabled=&#8221;off&#8221; button_one_bg_color__hover_enabled=&#8221;off&#8221; button_two_bg_color__hover_enabled=&#8221;off&#8221;][\/et_pb_contact_field][et_pb_contact_field field_id=&#8221;Email&#8221; field_title=&#8221;Email&#8221; field_type=&#8221;email&#8221; _builder_version=&#8221;4.4.8&#8243; button_text_size__hover_enabled=&#8221;off&#8221; button_one_text_size__hover_enabled=&#8221;off&#8221; button_two_text_size__hover_enabled=&#8221;off&#8221; button_text_color__hover_enabled=&#8221;off&#8221; button_one_text_color__hover_enabled=&#8221;off&#8221; button_two_text_color__hover_enabled=&#8221;off&#8221; button_border_width__hover_enabled=&#8221;off&#8221; button_one_border_width__hover_enabled=&#8221;off&#8221; button_two_border_width__hover_enabled=&#8221;off&#8221; button_border_color__hover_enabled=&#8221;off&#8221; button_one_border_color__hover_enabled=&#8221;off&#8221; button_two_border_color__hover_enabled=&#8221;off&#8221; button_border_radius__hover_enabled=&#8221;off&#8221; button_one_border_radius__hover_enabled=&#8221;off&#8221; button_two_border_radius__hover_enabled=&#8221;off&#8221; button_letter_spacing__hover_enabled=&#8221;off&#8221; button_one_letter_spacing__hover_enabled=&#8221;off&#8221; button_two_letter_spacing__hover_enabled=&#8221;off&#8221; button_bg_color__hover_enabled=&#8221;off&#8221; button_one_bg_color__hover_enabled=&#8221;off&#8221; button_two_bg_color__hover_enabled=&#8221;off&#8221;][\/et_pb_contact_field][et_pb_contact_field field_id=&#8221;Message&#8221; field_title=&#8221;Missatge&#8221; field_type=&#8221;text&#8221; fullwidth_field=&#8221;on&#8221; _builder_version=&#8221;4.4.8&#8243; button_text_size__hover_enabled=&#8221;off&#8221; button_one_text_size__hover_enabled=&#8221;off&#8221; button_two_text_size__hover_enabled=&#8221;off&#8221; button_text_color__hover_enabled=&#8221;off&#8221; button_one_text_color__hover_enabled=&#8221;off&#8221; button_two_text_color__hover_enabled=&#8221;off&#8221; button_border_width__hover_enabled=&#8221;off&#8221; button_one_border_width__hover_enabled=&#8221;off&#8221; button_two_border_width__hover_enabled=&#8221;off&#8221; button_border_color__hover_enabled=&#8221;off&#8221; button_one_border_color__hover_enabled=&#8221;off&#8221; button_two_border_color__hover_enabled=&#8221;off&#8221; button_border_radius__hover_enabled=&#8221;off&#8221; button_one_border_radius__hover_enabled=&#8221;off&#8221; button_two_border_radius__hover_enabled=&#8221;off&#8221; button_letter_spacing__hover_enabled=&#8221;off&#8221; button_one_letter_spacing__hover_enabled=&#8221;off&#8221; button_two_letter_spacing__hover_enabled=&#8221;off&#8221; button_bg_color__hover_enabled=&#8221;off&#8221; button_one_bg_color__hover_enabled=&#8221;off&#8221; button_two_bg_color__hover_enabled=&#8221;off&#8221;][\/et_pb_contact_field][\/et_pb_contact_form][\/et_pb_column][\/et_pb_row][\/et_pb_section]<\/p>\n","protected":false},"excerpt":{"rendered":"<p>blog Not\u00edciesVisitAN&#8217;S Pol\u00edgon Partida Esparver 14 (FALSET)ContactA (+34) 626 656 730info@clospissarra.comSi tens alg\u00fan dubte nom\u00e9s t\u2019has de posar en contacte amb nosaltres. Et resoldrem qualsevol tipus de dubte referent al nostre proc\u00e9s de creaci\u00f3 dels nostres vins.<\/p>\n","protected":false},"author":1,"featured_media":0,"parent":0,"menu_order":0,"comment_status":"closed","ping_status":"closed","template":"","meta":{"_et_pb_use_builder":"on","_et_pb_old_content":"","_et_gb_content_width":"","footnotes":""},"class_list":["post-82","page","type-page","status-publish","hentry"],"yoast_head":"<!-- This site is optimized with the Yoast SEO plugin v25.6 - https:\/\/yoast.com\/wordpress\/plugins\/seo\/ -->\n<title>Premsa - Clos Pissarra<\/title>\n<meta name=\"robots\" content=\"noindex, follow, max-snippet:-1, max-image-preview:large, max-video-preview:-1\" \/>\n<meta property=\"og:locale\" content=\"en_US\" \/>\n<meta property=\"og:type\" content=\"article\" \/>\n<meta property=\"og:title\" content=\"Premsa - Clos Pissarra\" \/>\n<meta property=\"og:description\" content=\"blog Not\u00edciesVisitAN&#039;S Pol\u00edgon Partida Esparver 14 (FALSET)ContactA (+34) 626 656 730info@clospissarra.comSi tens alg\u00fan dubte nom\u00e9s t\u2019has de posar en contacte amb nosaltres. Et resoldrem qualsevol tipus de dubte referent al nostre proc\u00e9s de creaci\u00f3 dels nostres vins.\" \/>\n<meta property=\"og:url\" content=\"https:\/\/www.clospissarra.com\/en\/premsa\/\" \/>\n<meta property=\"og:site_name\" content=\"Clos Pissarra\" \/>\n<meta property=\"article:modified_time\" content=\"2020-11-06T12:06:17+00:00\" \/>\n<meta name=\"twitter:card\" content=\"summary_large_image\" \/>\n<meta name=\"twitter:label1\" content=\"Est. reading time\" \/>\n\t<meta name=\"twitter:data1\" content=\"8 minutes\" \/>\n<script type=\"application\/ld+json\" class=\"yoast-schema-graph\">{\"@context\":\"https:\/\/schema.org\",\"@graph\":[{\"@type\":\"WebPage\",\"@id\":\"https:\/\/www.clospissarra.com\/en\/premsa\/\",\"url\":\"https:\/\/www.clospissarra.com\/en\/premsa\/\",\"name\":\"Premsa - Clos Pissarra\",\"isPartOf\":{\"@id\":\"https:\/\/www.clospissarra.com\/en\/#website\"},\"datePublished\":\"2020-06-25T15:50:02+00:00\",\"dateModified\":\"2020-11-06T12:06:17+00:00\",\"breadcrumb\":{\"@id\":\"https:\/\/www.clospissarra.com\/en\/premsa\/#breadcrumb\"},\"inLanguage\":\"en-US\",\"potentialAction\":[{\"@type\":\"ReadAction\",\"target\":[\"https:\/\/www.clospissarra.com\/en\/premsa\/\"]}]},{\"@type\":\"BreadcrumbList\",\"@id\":\"https:\/\/www.clospissarra.com\/en\/premsa\/#breadcrumb\",\"itemListElement\":[{\"@type\":\"ListItem\",\"position\":1,\"name\":\"Home\",\"item\":\"https:\/\/www.clospissarra.com\/en\/\"},{\"@type\":\"ListItem\",\"position\":2,\"name\":\"Premsa\"}]},{\"@type\":\"WebSite\",\"@id\":\"https:\/\/www.clospissarra.com\/en\/#website\",\"url\":\"https:\/\/www.clospissarra.com\/en\/\",\"name\":\"Clos Pissarra\",\"description\":\"\",\"potentialAction\":[{\"@type\":\"SearchAction\",\"target\":{\"@type\":\"EntryPoint\",\"urlTemplate\":\"https:\/\/www.clospissarra.com\/en\/?s={search_term_string}\"},\"query-input\":{\"@type\":\"PropertyValueSpecification\",\"valueRequired\":true,\"valueName\":\"search_term_string\"}}],\"inLanguage\":\"en-US\"}]}<\/script>\n<!-- \/ Yoast SEO plugin. -->","yoast_head_json":{"title":"Premsa - Clos Pissarra","robots":{"index":"noindex","follow":"follow","max-snippet":"max-snippet:-1","max-image-preview":"max-image-preview:large","max-video-preview":"max-video-preview:-1"},"og_locale":"en_US","og_type":"article","og_title":"Premsa - Clos Pissarra","og_description":"blog Not\u00edciesVisitAN'S Pol\u00edgon Partida Esparver 14 (FALSET)ContactA (+34) 626 656 730info@clospissarra.comSi tens alg\u00fan dubte nom\u00e9s t\u2019has de posar en contacte amb nosaltres. Et resoldrem qualsevol tipus de dubte referent al nostre proc\u00e9s de creaci\u00f3 dels nostres vins.","og_url":"https:\/\/www.clospissarra.com\/en\/premsa\/","og_site_name":"Clos Pissarra","article_modified_time":"2020-11-06T12:06:17+00:00","twitter_card":"summary_large_image","twitter_misc":{"Est. reading time":"8 minutes"},"schema":{"@context":"https:\/\/schema.org","@graph":[{"@type":"WebPage","@id":"https:\/\/www.clospissarra.com\/en\/premsa\/","url":"https:\/\/www.clospissarra.com\/en\/premsa\/","name":"Premsa - Clos Pissarra","isPartOf":{"@id":"https:\/\/www.clospissarra.com\/en\/#website"},"datePublished":"2020-06-25T15:50:02+00:00","dateModified":"2020-11-06T12:06:17+00:00","breadcrumb":{"@id":"https:\/\/www.clospissarra.com\/en\/premsa\/#breadcrumb"},"inLanguage":"en-US","potentialAction":[{"@type":"ReadAction","target":["https:\/\/www.clospissarra.com\/en\/premsa\/"]}]},{"@type":"BreadcrumbList","@id":"https:\/\/www.clospissarra.com\/en\/premsa\/#breadcrumb","itemListElement":[{"@type":"ListItem","position":1,"name":"Home","item":"https:\/\/www.clospissarra.com\/en\/"},{"@type":"ListItem","position":2,"name":"Premsa"}]},{"@type":"WebSite","@id":"https:\/\/www.clospissarra.com\/en\/#website","url":"https:\/\/www.clospissarra.com\/en\/","name":"Clos Pissarra","description":"","potentialAction":[{"@type":"SearchAction","target":{"@type":"EntryPoint","urlTemplate":"https:\/\/www.clospissarra.com\/en\/?s={search_term_string}"},"query-input":{"@type":"PropertyValueSpecification","valueRequired":true,"valueName":"search_term_string"}}],"inLanguage":"en-US"}]}},"_links":{"self":[{"href":"https:\/\/www.clospissarra.com\/en\/wp-json\/wp\/v2\/pages\/82","targetHints":{"allow":["GET"]}}],"collection":[{"href":"https:\/\/www.clospissarra.com\/en\/wp-json\/wp\/v2\/pages"}],"about":[{"href":"https:\/\/www.clospissarra.com\/en\/wp-json\/wp\/v2\/types\/page"}],"author":[{"embeddable":true,"href":"https:\/\/www.clospissarra.com\/en\/wp-json\/wp\/v2\/users\/1"}],"replies":[{"embeddable":true,"href":"https:\/\/www.clospissarra.com\/en\/wp-json\/wp\/v2\/comments?post=82"}],"version-history":[{"count":9,"href":"https:\/\/www.clospissarra.com\/en\/wp-json\/wp\/v2\/pages\/82\/revisions"}],"predecessor-version":[{"id":470,"href":"https:\/\/www.clospissarra.com\/en\/wp-json\/wp\/v2\/pages\/82\/revisions\/470"}],"wp:attachment":[{"href":"https:\/\/www.clospissarra.com\/en\/wp-json\/wp\/v2\/media?parent=82"}],"curies":[{"name":"wp","href":"https:\/\/api.w.org\/{rel}","templated":true}]}}