{"id":60,"date":"2020-06-25T15:45:45","date_gmt":"2020-06-25T15:45:45","guid":{"rendered":"https:\/\/www.clospissarra.com\/?page_id=60"},"modified":"2020-11-06T17:23:12","modified_gmt":"2020-11-06T17:23:12","slug":"qui-som","status":"publish","type":"page","link":"https:\/\/www.clospissarra.com\/en\/qui-som\/","title":{"rendered":"Qui som"},"content":{"rendered":"<p>[et_pb_section fb_built=&#8221;1&#8243; admin_label=&#8221;Header&#8221; _builder_version=&#8221;4.4.8&#8243; use_background_color_gradient=&#8221;on&#8221; background_color_gradient_start=&#8221;rgba(0,0,0,0)&#8221; background_color_gradient_end=&#8221;#160b00&#8243; background_color_gradient_start_position=&#8221;20%&#8221; background_color_gradient_overlays_image=&#8221;on&#8221; background_image=&#8221;https:\/\/www.clospissarra.com\/wp-content\/uploads\/2020\/10\/IMG_4962.jpg&#8221; z_index=&#8221;1&#8243; custom_padding=&#8221;||35px|||&#8221; locked=&#8221;off&#8221;][et_pb_row _builder_version=&#8221;4.4.8&#8243; z_index=&#8221;1&#8243; width_tablet=&#8221;&#8221; width_phone=&#8221;&#8221; width_last_edited=&#8221;on|phone&#8221; max_width=&#8221;1280px&#8221; custom_padding=&#8221;||22px|||&#8221;][et_pb_column type=&#8221;4_4&#8243; _builder_version=&#8221;3.26.5&#8243; custom_padding=&#8221;80px|5%|80px|5%|true|true&#8221; custom_padding_tablet=&#8221;|40px||40px|true|true&#8221; custom_padding_phone=&#8221;40px|20px|40px|20px|true|true&#8221; custom_padding_last_edited=&#8221;on|phone&#8221; border_width_all=&#8221;2px&#8221; border_color_all=&#8221;#ffcf9a&#8221;][et_pb_text _builder_version=&#8221;3.27.4&#8243; header_font=&#8221;Playfair Display||||||||&#8221; header_text_color=&#8221;#ffebd6&#8243; header_font_size=&#8221;80px&#8221; header_line_height=&#8221;1.2em&#8221; header_3_font=&#8221;|700||on|||||&#8221; header_3_text_color=&#8221;#ffcf9a&#8221; header_3_font_size=&#8221;14px&#8221; header_3_letter_spacing=&#8221;2px&#8221; header_3_line_height=&#8221;1.2em&#8221; background_layout=&#8221;dark&#8221; max_width=&#8221;550px&#8221; header_font_size_tablet=&#8221;80px&#8221; header_font_size_phone=&#8221;40px&#8221; header_font_size_last_edited=&#8221;on|phone&#8221;]<\/p>\n<h3>CLOS PISSARRA<\/h3>\n<h1>Qui som?<\/h1>\n<p>[\/et_pb_text][\/et_pb_column][\/et_pb_row][\/et_pb_section][et_pb_section fb_built=&#8221;1&#8243; custom_padding_last_edited=&#8221;on|tablet&#8221; admin_label=&#8221;Posts&#8221; _builder_version=&#8221;3.27&#8243; background_color=&#8221;#160b00&#8243; custom_padding=&#8221;52px||||false|false&#8221; custom_padding_tablet=&#8221;0px||||false|false&#8221; custom_padding_phone=&#8221;&#8221; locked=&#8221;off&#8221;][et_pb_row column_structure=&#8221;1_2,1_2&#8243; _builder_version=&#8221;4.4.8&#8243;][et_pb_column type=&#8221;1_2&#8243; _builder_version=&#8221;4.4.8&#8243;][et_pb_team_member name=&#8221;Maruxa Roel&#8221; position=&#8221; En\u00f2loga&#8221; image_url=&#8221;https:\/\/www.clospissarra.com\/wp-content\/uploads\/2020\/06\/MARUXA2.jpg&#8221; _builder_version=&#8221;4.4.8&#8243; custom_padding=&#8221;|5px||||&#8221;]<\/p>\n<p style=\"text-align: justify;\">Inquieta, apassionada i patidora, es guia per emocions en tot all\u00f2 que fa. Com a bona <em>meiga<\/em> gallega, gaudeix somiant nous beuratges-copages. Sota la premissa que el vi \u00e9s d&#8217;on neix i no d&#8217;on es fa ni de qui ho fa, ent\u00e9n el seu treball com el de traslladar l&#8217;esperit de cada vinya a la copa. Sense deixar la seva empremta, per\u00f2 deixant-se la pell. El 2006 es va convertir en l&#8217;en\u00f2loga de Clos Pissarra, i des de 2009 tamb\u00e9 gestiona el celler.<\/p>\n<p>[\/et_pb_team_member][\/et_pb_column][et_pb_column type=&#8221;1_2&#8243; _builder_version=&#8221;4.4.8&#8243;][et_pb_team_member name=&#8221;Ramon Marco&#8221; position=&#8221;Encarregat de les vinyes&#8221; image_url=&#8221;https:\/\/www.clospissarra.com\/wp-content\/uploads\/2020\/06\/RAMON2.jpg&#8221; _builder_version=&#8221;4.4.8&#8243;]<\/p>\n<p style=\"text-align: justify;\">El priorat\u00ed de l&#8217;equip. M\u00e9s de Bellmunt que la llicorella. Les seves vinyes s\u00f3n la seva vida i el m\u00e8rit dels nostres vins \u00e9s la seva dedicaci\u00f3, treball i coneixement del terreny. Des de 2007 s&#8217;encarrega de supervisar totes les vinyes de Clos Pissarra.<\/p>\n<p>[\/et_pb_team_member][\/et_pb_column][\/et_pb_row][et_pb_row column_structure=&#8221;1_2,1_2&#8243; _builder_version=&#8221;4.4.8&#8243;][et_pb_column type=&#8221;1_2&#8243; _builder_version=&#8221;4.4.8&#8243;][et_pb_team_member name=&#8221;Emmanuel Kemiji &#8221; position=&#8221;M.S., Administrador&#8221; image_url=&#8221;https:\/\/www.clospissarra.com\/wp-content\/uploads\/2020\/06\/EK.jpg&#8221; _builder_version=&#8221;4.4.8&#8243; custom_padding=&#8221;|5px||||&#8221;]<\/p>\n<p style=\"text-align: justify;\">L&#8217;\u00e0nima de Clos Pissarra. Visionari; aconsegueix tot all\u00f2 que es proposa. D&#8217;idees fixes. Aquesta obstinaci\u00f3, ben enfocada, l&#8217;ha convertit en el millor en el seu camp. El 1989, Emmanuel va esdevenir el dotz\u00e8 nord-americ\u00e0 a aprovar l&#8217;examen de Mestre Sommelier a Londres i en un dels deu primers que fins a la data el va aprovar en el seu primer intent. El mateix any, va rebre el premi &#8220;Sommelier de l&#8217;Any&#8221; de l&#8217;Associaci\u00f3 d&#8217;Escriptors de Restaurants de Calif\u00f2rnia. Va ser elegit &#8220;Director de Vins de l&#8217;Any&#8221; en els Critics Choice Awards, i va ser distingit en l&#8217;edici\u00f3 d&#8217;agost de 1999 de la revista &#8220;San Francisco&#8221;. El 1995 va ser el primer sommelier dels Estats Units que va fundar un celler: Miura Vineyards. Seguidament el diari San Francisco Chronicle va nomenar a Emmanuel com un dels &#8220;10 en\u00f2legs a seguir per al 2000&#8221;. El 2003 va tornar a Espanya per lluitar i materialitzar el seu somni: Clos Pissarra.<\/p>\n<p>[\/et_pb_team_member][\/et_pb_column][et_pb_column type=&#8221;1_2&#8243; _builder_version=&#8221;4.4.8&#8243;][et_pb_team_member name=&#8221;Silviu Catuneanu&#8221; position=&#8221;Assistent de vinyes i celler&#8221; image_url=&#8221;https:\/\/www.clospissarra.com\/wp-content\/uploads\/2020\/10\/IMG_5001.jpg&#8221; _builder_version=&#8221;4.4.8&#8243;]<\/p>\n<p style=\"text-align: justify;\">Polivalent, dedicat i delicat. Viu sense rellotge. Treballa de sol a sol al camp, i a l&#8217;ombra al celler. Silviu es va criar a Prahova, Romania, abans de mudar-se a Priorat. Va comen\u00e7ar a treballar a Clos Pissarra el 2009 i, per la seva dilig\u00e8ncia i entusiasme per aprendre i cr\u00e9ixer, s&#8217;ha convertit en la m\u00e0 dreta del nostre encarregat de vinyes, Ramon Marc, i en l&#8217;esquerra de la nostra en\u00f2loga, Maruxa Roel.<\/p>\n<p>[\/et_pb_team_member][\/et_pb_column][\/et_pb_row][\/et_pb_section][et_pb_section fb_built=&#8221;1&#8243; admin_label=&#8221;Footer&#8221; _builder_version=&#8221;3.26.7&#8243; background_color=&#8221;#160b00&#8243; global_module=&#8221;399&#8243; saved_tabs=&#8221;all&#8221; locked=&#8221;off&#8221;][et_pb_row _builder_version=&#8221;3.26.7&#8243;][et_pb_column type=&#8221;4_4&#8243; _builder_version=&#8221;3.26.7&#8243;][et_pb_text _builder_version=&#8221;3.27.4&#8243; text_font=&#8221;Montserrat|700|||||||&#8221; text_text_color=&#8221;#ffcf9a&#8221; text_font_size=&#8221;24px&#8221; text_line_height=&#8221;1.5em&#8221; header_3_font=&#8221;|700||on|||||&#8221; header_3_text_color=&#8221;rgba(255,207,154,0.4)&#8221; header_3_font_size=&#8221;14px&#8221; header_3_letter_spacing=&#8221;2px&#8221; header_3_line_height=&#8221;1.2em&#8221; text_orientation=&#8221;center&#8221; background_layout=&#8221;dark&#8221; max_width=&#8221;550px&#8221; module_alignment=&#8221;center&#8221; custom_margin_tablet=&#8221;||40px||false|false&#8221; custom_margin_phone=&#8221;||30px||false|false&#8221; custom_margin_last_edited=&#8221;off|phone&#8221; custom_padding=&#8221;||18px||false|false&#8221; text_font_size_tablet=&#8221;24px&#8221; text_font_size_phone=&#8221;14px&#8221; text_font_size_last_edited=&#8221;on|phone&#8221; border_width_bottom=&#8221;1px&#8221; text_text_align=&#8221;center&#8221; locked=&#8221;off&#8221;]<\/p>\n<h3>VisitAN&#8217;S<\/h3>\n<p><span>Pol\u00edgon Partida Esparver 14 (FALSET)<\/span><\/p>\n<p>[\/et_pb_text][et_pb_text _builder_version=&#8221;3.27.4&#8243; text_font=&#8221;Montserrat|700|||||||&#8221; text_text_color=&#8221;#ffcf9a&#8221; text_font_size=&#8221;24px&#8221; text_line_height=&#8221;1.5em&#8221; link_font=&#8221;||||on|||rgba(255,207,154,0.35)|&#8221; link_text_color=&#8221;#ffcf9a&#8221; header_3_font=&#8221;|700||on|||||&#8221; header_3_text_color=&#8221;rgba(255,207,154,0.4)&#8221; header_3_font_size=&#8221;14px&#8221; header_3_letter_spacing=&#8221;2px&#8221; header_3_line_height=&#8221;1.2em&#8221; text_orientation=&#8221;center&#8221; background_layout=&#8221;dark&#8221; max_width=&#8221;550px&#8221; module_alignment=&#8221;center&#8221; custom_margin_tablet=&#8221;||40px||false|false&#8221; custom_margin_phone=&#8221;||30px||false|false&#8221; custom_margin_last_edited=&#8221;off|phone&#8221; custom_padding=&#8221;||18px||false|false&#8221; text_font_size_tablet=&#8221;24px&#8221; text_font_size_phone=&#8221;14px&#8221; text_font_size_last_edited=&#8221;on|phone&#8221; border_width_bottom=&#8221;1px&#8221; text_text_align=&#8221;center&#8221; locked=&#8221;off&#8221;]<\/p>\n<h3>ContactA<\/h3>\n<p><span>(+34) 626 656 730<\/span><br \/><a href=\"mailto:info@divicocktailbar.com\">info@clospissarra.com<\/a><\/p>\n<p>[\/et_pb_text][\/et_pb_column][\/et_pb_row][et_pb_row column_structure=&#8221;2_5,3_5&#8243; _builder_version=&#8221;3.26.7&#8243; custom_margin=&#8221;60px||60px||true|false&#8221;][et_pb_column type=&#8221;2_5&#8243; _builder_version=&#8221;3.26.7&#8243;][et_pb_image src=&#8221;https:\/\/www.clospissarra.com\/wp-content\/uploads\/2020\/06\/logo2.png&#8221; title_text=&#8221;logo2&#8243; _builder_version=&#8221;4.4.8&#8243; custom_margin_tablet=&#8221;0px||0px|0px|false|false&#8221; custom_margin_last_edited=&#8221;off|phone&#8221;][\/et_pb_image][et_pb_text _builder_version=&#8221;3.27.4&#8243; text_text_color=&#8221;rgba(255,207,154,0.7)&#8221; text_font_size=&#8221;16px&#8221; text_line_height=&#8221;1.8em&#8221; background_layout=&#8221;dark&#8221; max_width=&#8221;550px&#8221; locked=&#8221;off&#8221;]<\/p>\n<p><span>Si tens dubtes nom\u00e9s t\u2019has de posar en contacte amb nosaltres.<\/span><\/p>\n<p>[\/et_pb_text][\/et_pb_column][et_pb_column type=&#8221;3_5&#8243; _builder_version=&#8221;3.26.5&#8243; transform_scale_tablet=&#8221;&#8221; transform_scale_phone=&#8221;&#8221; transform_scale_last_edited=&#8221;on|desktop&#8221; transform_translate_tablet=&#8221;30px|0px&#8221; transform_translate_phone=&#8221;20px|0px&#8221; transform_translate_last_edited=&#8221;on|phone&#8221; transform_translate_linked_tablet=&#8221;off&#8221; transform_rotate_tablet=&#8221;&#8221; transform_rotate_phone=&#8221;&#8221; transform_rotate_last_edited=&#8221;on|desktop&#8221; transform_skew_tablet=&#8221;&#8221; transform_skew_phone=&#8221;&#8221; transform_skew_last_edited=&#8221;on|desktop&#8221; transform_origin_tablet=&#8221;&#8221; transform_origin_phone=&#8221;&#8221; transform_origin_last_edited=&#8221;on|desktop&#8221; transform_styles_last_edited=&#8221;on|phone&#8221; transform_styles_tablet=&#8221;&#8221; transform_styles_phone=&#8221;&#8221; border_width_all=&#8221;2px&#8221; border_color_all=&#8221;#ffcf9a&#8221;][et_pb_contact_form captcha=&#8221;off&#8221; submit_button_text=&#8221;Envia&#8221; _builder_version=&#8221;4.4.8&#8243; form_field_background_color=&#8221;rgba(0,0,0,0)&#8221; form_field_text_color=&#8221;#160b00&#8243; title_level=&#8221;h4&#8243; title_font=&#8221;Playfair Display|700|||||||&#8221; title_font_size=&#8221;32px&#8221; form_field_font=&#8221;|600|||||||&#8221; background_color=&#8221;#ffcf9a&#8221; background_image=&#8221;https:\/\/www.clospissarra.com\/wp-content\/uploads\/2020\/06\/bar-01.png&#8221; background_size=&#8221;initial&#8221; background_repeat=&#8221;repeat&#8221; custom_button=&#8221;on&#8221; button_text_size=&#8221;14px&#8221; button_text_color=&#8221;#000000&#8243; button_border_color=&#8221;#000000&#8243; button_border_radius=&#8221;0px&#8221; button_letter_spacing=&#8221;2px&#8221; button_font=&#8221;Montserrat|700||on|||||&#8221; button_custom_margin=&#8221;30px||||false|false&#8221; button_custom_padding=&#8221;15px|25px|15px|25px|true|true&#8221; transform_scale_tablet=&#8221;&#8221; transform_scale_phone=&#8221;&#8221; transform_scale_last_edited=&#8221;on|desktop&#8221; transform_translate=&#8221;39px|39px&#8221; transform_translate_tablet=&#8221;-30px|-30px&#8221; transform_translate_phone=&#8221;-20px|-20px&#8221; transform_translate_last_edited=&#8221;on|phone&#8221; transform_rotate_tablet=&#8221;&#8221; transform_rotate_phone=&#8221;&#8221; transform_rotate_last_edited=&#8221;on|desktop&#8221; transform_skew_tablet=&#8221;&#8221; transform_skew_phone=&#8221;&#8221; transform_skew_last_edited=&#8221;on|desktop&#8221; transform_origin_tablet=&#8221;&#8221; transform_origin_phone=&#8221;&#8221; transform_origin_last_edited=&#8221;on|desktop&#8221; transform_styles_last_edited=&#8221;on|phone&#8221; custom_padding=&#8221;60px|60px|60px|60px|true|true&#8221; custom_padding_tablet=&#8221;50px|50px|50px|50px|true|true&#8221; custom_padding_phone=&#8221;30px|30px|30px|30px|true|true&#8221; custom_padding_last_edited=&#8221;on|tablet&#8221; title_font_size_tablet=&#8221;24px&#8221; title_font_size_phone=&#8221;20px&#8221; title_font_size_last_edited=&#8221;on|phone&#8221; button_text_color_last_edited=&#8221;off|desktop&#8221; transform_styles_tablet=&#8221;&#8221; transform_styles_phone=&#8221;&#8221; border_width_all=&#8221;2px&#8221; border_color_all=&#8221;#160b00&#8243; button_text_color__hover=&#8221;#ffcf9a&#8221; button_text_color__hover_enabled=&#8221;on&#8221; button_bg_color__hover=&#8221;#160b00&#8243; button_bg_color__hover_enabled=&#8221;on&#8221; button_bg_enable_color__hover=&#8221;on&#8221;][et_pb_contact_field field_id=&#8221;Name&#8221; field_title=&#8221;Nom&#8221; _builder_version=&#8221;4.4.8&#8243; button_text_size__hover_enabled=&#8221;off&#8221; button_one_text_size__hover_enabled=&#8221;off&#8221; button_two_text_size__hover_enabled=&#8221;off&#8221; button_text_color__hover_enabled=&#8221;off&#8221; button_one_text_color__hover_enabled=&#8221;off&#8221; button_two_text_color__hover_enabled=&#8221;off&#8221; button_border_width__hover_enabled=&#8221;off&#8221; button_one_border_width__hover_enabled=&#8221;off&#8221; button_two_border_width__hover_enabled=&#8221;off&#8221; button_border_color__hover_enabled=&#8221;off&#8221; button_one_border_color__hover_enabled=&#8221;off&#8221; button_two_border_color__hover_enabled=&#8221;off&#8221; button_border_radius__hover_enabled=&#8221;off&#8221; button_one_border_radius__hover_enabled=&#8221;off&#8221; button_two_border_radius__hover_enabled=&#8221;off&#8221; button_letter_spacing__hover_enabled=&#8221;off&#8221; button_one_letter_spacing__hover_enabled=&#8221;off&#8221; button_two_letter_spacing__hover_enabled=&#8221;off&#8221; button_bg_color__hover_enabled=&#8221;off&#8221; button_one_bg_color__hover_enabled=&#8221;off&#8221; button_two_bg_color__hover_enabled=&#8221;off&#8221;][\/et_pb_contact_field][et_pb_contact_field field_id=&#8221;Email&#8221; field_title=&#8221;Email&#8221; field_type=&#8221;email&#8221; _builder_version=&#8221;4.4.8&#8243; button_text_size__hover_enabled=&#8221;off&#8221; button_one_text_size__hover_enabled=&#8221;off&#8221; button_two_text_size__hover_enabled=&#8221;off&#8221; button_text_color__hover_enabled=&#8221;off&#8221; button_one_text_color__hover_enabled=&#8221;off&#8221; button_two_text_color__hover_enabled=&#8221;off&#8221; button_border_width__hover_enabled=&#8221;off&#8221; button_one_border_width__hover_enabled=&#8221;off&#8221; button_two_border_width__hover_enabled=&#8221;off&#8221; button_border_color__hover_enabled=&#8221;off&#8221; button_one_border_color__hover_enabled=&#8221;off&#8221; button_two_border_color__hover_enabled=&#8221;off&#8221; button_border_radius__hover_enabled=&#8221;off&#8221; button_one_border_radius__hover_enabled=&#8221;off&#8221; button_two_border_radius__hover_enabled=&#8221;off&#8221; button_letter_spacing__hover_enabled=&#8221;off&#8221; button_one_letter_spacing__hover_enabled=&#8221;off&#8221; button_two_letter_spacing__hover_enabled=&#8221;off&#8221; button_bg_color__hover_enabled=&#8221;off&#8221; button_one_bg_color__hover_enabled=&#8221;off&#8221; button_two_bg_color__hover_enabled=&#8221;off&#8221;][\/et_pb_contact_field][et_pb_contact_field field_id=&#8221;Message&#8221; field_title=&#8221;Missatge&#8221; field_type=&#8221;text&#8221; fullwidth_field=&#8221;on&#8221; _builder_version=&#8221;4.4.8&#8243; button_text_size__hover_enabled=&#8221;off&#8221; button_one_text_size__hover_enabled=&#8221;off&#8221; button_two_text_size__hover_enabled=&#8221;off&#8221; button_text_color__hover_enabled=&#8221;off&#8221; button_one_text_color__hover_enabled=&#8221;off&#8221; button_two_text_color__hover_enabled=&#8221;off&#8221; button_border_width__hover_enabled=&#8221;off&#8221; button_one_border_width__hover_enabled=&#8221;off&#8221; button_two_border_width__hover_enabled=&#8221;off&#8221; button_border_color__hover_enabled=&#8221;off&#8221; button_one_border_color__hover_enabled=&#8221;off&#8221; button_two_border_color__hover_enabled=&#8221;off&#8221; button_border_radius__hover_enabled=&#8221;off&#8221; button_one_border_radius__hover_enabled=&#8221;off&#8221; button_two_border_radius__hover_enabled=&#8221;off&#8221; button_letter_spacing__hover_enabled=&#8221;off&#8221; button_one_letter_spacing__hover_enabled=&#8221;off&#8221; button_two_letter_spacing__hover_enabled=&#8221;off&#8221; button_bg_color__hover_enabled=&#8221;off&#8221; button_one_bg_color__hover_enabled=&#8221;off&#8221; button_two_bg_color__hover_enabled=&#8221;off&#8221;][\/et_pb_contact_field][\/et_pb_contact_form][\/et_pb_column][\/et_pb_row][\/et_pb_section]<\/p>\n","protected":false},"excerpt":{"rendered":"<p>CLOS PISSARRA Qui som?Inquieta, apassionada i patidora, es guia per emocions en tot all\u00f2 que fa. Com a bona meiga gallega, gaudeix somiant nous beuratges-copages. Sota la premissa que el vi \u00e9s d&#8217;on neix i no d&#8217;on es fa ni de qui ho fa, ent\u00e9n el seu treball com el de traslladar l&#8217;esperit de cada [&hellip;]<\/p>\n","protected":false},"author":1,"featured_media":0,"parent":0,"menu_order":0,"comment_status":"closed","ping_status":"closed","template":"","meta":{"_et_pb_use_builder":"on","_et_pb_old_content":"","_et_gb_content_width":"","footnotes":""},"class_list":["post-60","page","type-page","status-publish","hentry"],"yoast_head":"<!-- This site is optimized with the Yoast SEO plugin v25.6 - https:\/\/yoast.com\/wordpress\/plugins\/seo\/ -->\n<title>Qui som - Clos Pissarra<\/title>\n<meta name=\"robots\" content=\"noindex, follow, max-snippet:-1, max-image-preview:large, max-video-preview:-1\" \/>\n<meta property=\"og:locale\" content=\"en_US\" \/>\n<meta property=\"og:type\" content=\"article\" \/>\n<meta property=\"og:title\" content=\"Qui som - Clos Pissarra\" \/>\n<meta property=\"og:description\" content=\"CLOS PISSARRA Qui som?Inquieta, apassionada i patidora, es guia per emocions en tot all\u00f2 que fa. Com a bona meiga gallega, gaudeix somiant nous beuratges-copages. Sota la premissa que el vi \u00e9s d&#039;on neix i no d&#039;on es fa ni de qui ho fa, ent\u00e9n el seu treball com el de traslladar l&#039;esperit de cada [&hellip;]\" \/>\n<meta property=\"og:url\" content=\"https:\/\/www.clospissarra.com\/en\/qui-som\/\" \/>\n<meta property=\"og:site_name\" content=\"Clos Pissarra\" \/>\n<meta property=\"article:modified_time\" content=\"2020-11-06T17:23:12+00:00\" \/>\n<meta name=\"twitter:card\" content=\"summary_large_image\" \/>\n<meta name=\"twitter:label1\" content=\"Est. reading time\" \/>\n\t<meta name=\"twitter:data1\" content=\"10 minutes\" \/>\n<script type=\"application\/ld+json\" class=\"yoast-schema-graph\">{\"@context\":\"https:\/\/schema.org\",\"@graph\":[{\"@type\":\"WebPage\",\"@id\":\"https:\/\/www.clospissarra.com\/en\/qui-som\/\",\"url\":\"https:\/\/www.clospissarra.com\/en\/qui-som\/\",\"name\":\"Qui som - Clos Pissarra\",\"isPartOf\":{\"@id\":\"https:\/\/www.clospissarra.com\/en\/#website\"},\"datePublished\":\"2020-06-25T15:45:45+00:00\",\"dateModified\":\"2020-11-06T17:23:12+00:00\",\"breadcrumb\":{\"@id\":\"https:\/\/www.clospissarra.com\/en\/qui-som\/#breadcrumb\"},\"inLanguage\":\"en-US\",\"potentialAction\":[{\"@type\":\"ReadAction\",\"target\":[\"https:\/\/www.clospissarra.com\/en\/qui-som\/\"]}]},{\"@type\":\"BreadcrumbList\",\"@id\":\"https:\/\/www.clospissarra.com\/en\/qui-som\/#breadcrumb\",\"itemListElement\":[{\"@type\":\"ListItem\",\"position\":1,\"name\":\"Home\",\"item\":\"https:\/\/www.clospissarra.com\/en\/\"},{\"@type\":\"ListItem\",\"position\":2,\"name\":\"Qui som\"}]},{\"@type\":\"WebSite\",\"@id\":\"https:\/\/www.clospissarra.com\/en\/#website\",\"url\":\"https:\/\/www.clospissarra.com\/en\/\",\"name\":\"Clos Pissarra\",\"description\":\"\",\"potentialAction\":[{\"@type\":\"SearchAction\",\"target\":{\"@type\":\"EntryPoint\",\"urlTemplate\":\"https:\/\/www.clospissarra.com\/en\/?s={search_term_string}\"},\"query-input\":{\"@type\":\"PropertyValueSpecification\",\"valueRequired\":true,\"valueName\":\"search_term_string\"}}],\"inLanguage\":\"en-US\"}]}<\/script>\n<!-- \/ Yoast SEO plugin. -->","yoast_head_json":{"title":"Qui som - Clos Pissarra","robots":{"index":"noindex","follow":"follow","max-snippet":"max-snippet:-1","max-image-preview":"max-image-preview:large","max-video-preview":"max-video-preview:-1"},"og_locale":"en_US","og_type":"article","og_title":"Qui som - Clos Pissarra","og_description":"CLOS PISSARRA Qui som?Inquieta, apassionada i patidora, es guia per emocions en tot all\u00f2 que fa. Com a bona meiga gallega, gaudeix somiant nous beuratges-copages. Sota la premissa que el vi \u00e9s d'on neix i no d'on es fa ni de qui ho fa, ent\u00e9n el seu treball com el de traslladar l'esperit de cada [&hellip;]","og_url":"https:\/\/www.clospissarra.com\/en\/qui-som\/","og_site_name":"Clos Pissarra","article_modified_time":"2020-11-06T17:23:12+00:00","twitter_card":"summary_large_image","twitter_misc":{"Est. reading time":"10 minutes"},"schema":{"@context":"https:\/\/schema.org","@graph":[{"@type":"WebPage","@id":"https:\/\/www.clospissarra.com\/en\/qui-som\/","url":"https:\/\/www.clospissarra.com\/en\/qui-som\/","name":"Qui som - Clos Pissarra","isPartOf":{"@id":"https:\/\/www.clospissarra.com\/en\/#website"},"datePublished":"2020-06-25T15:45:45+00:00","dateModified":"2020-11-06T17:23:12+00:00","breadcrumb":{"@id":"https:\/\/www.clospissarra.com\/en\/qui-som\/#breadcrumb"},"inLanguage":"en-US","potentialAction":[{"@type":"ReadAction","target":["https:\/\/www.clospissarra.com\/en\/qui-som\/"]}]},{"@type":"BreadcrumbList","@id":"https:\/\/www.clospissarra.com\/en\/qui-som\/#breadcrumb","itemListElement":[{"@type":"ListItem","position":1,"name":"Home","item":"https:\/\/www.clospissarra.com\/en\/"},{"@type":"ListItem","position":2,"name":"Qui som"}]},{"@type":"WebSite","@id":"https:\/\/www.clospissarra.com\/en\/#website","url":"https:\/\/www.clospissarra.com\/en\/","name":"Clos Pissarra","description":"","potentialAction":[{"@type":"SearchAction","target":{"@type":"EntryPoint","urlTemplate":"https:\/\/www.clospissarra.com\/en\/?s={search_term_string}"},"query-input":{"@type":"PropertyValueSpecification","valueRequired":true,"valueName":"search_term_string"}}],"inLanguage":"en-US"}]}},"_links":{"self":[{"href":"https:\/\/www.clospissarra.com\/en\/wp-json\/wp\/v2\/pages\/60","targetHints":{"allow":["GET"]}}],"collection":[{"href":"https:\/\/www.clospissarra.com\/en\/wp-json\/wp\/v2\/pages"}],"about":[{"href":"https:\/\/www.clospissarra.com\/en\/wp-json\/wp\/v2\/types\/page"}],"author":[{"embeddable":true,"href":"https:\/\/www.clospissarra.com\/en\/wp-json\/wp\/v2\/users\/1"}],"replies":[{"embeddable":true,"href":"https:\/\/www.clospissarra.com\/en\/wp-json\/wp\/v2\/comments?post=60"}],"version-history":[{"count":13,"href":"https:\/\/www.clospissarra.com\/en\/wp-json\/wp\/v2\/pages\/60\/revisions"}],"predecessor-version":[{"id":497,"href":"https:\/\/www.clospissarra.com\/en\/wp-json\/wp\/v2\/pages\/60\/revisions\/497"}],"wp:attachment":[{"href":"https:\/\/www.clospissarra.com\/en\/wp-json\/wp\/v2\/media?parent=60"}],"curies":[{"name":"wp","href":"https:\/\/api.w.org\/{rel}","templated":true}]}}